{"id":52,"date":"2015-03-10T15:42:25","date_gmt":"2015-03-10T15:42:25","guid":{"rendered":"http:\/\/www.utviksvagen.se\/?page_id=52"},"modified":"2023-03-22T11:11:47","modified_gmt":"2023-03-22T11:11:47","slug":"program","status":"publish","type":"page","link":"https:\/\/www.utviksvagen.se\/?page_id=52","title":{"rendered":"Program"},"content":{"rendered":"<h6 class=\"entry-title\"><a href=\"http:\/\/www.utviksvagen.se\/?p=962\" rel=\"bookmark\">\u00c5RSM\u00d6TE 2023, 27 MARS KL. 19.00<\/a><\/h6>\n<p>F\u00f6reningslokalen i Klapparvik<br \/>\nSedvanliga \u00e5rsm\u00f6tespunkter<br \/>\nF\u00f6reningen bjuder p\u00e5 fika.<br \/>\nV\u00e4lkomna!<\/p>\n<p>&#8212;&#8212;&#8212;&#8212;&#8212;&#8212;&#8212;&#8212;&#8212;&#8212;&#8212;&#8212;&#8212;&#8212;&#8212;&#8212;&#8212;&#8212;&#8212;-<\/p>\n<div class=\"\" data-block=\"true\" data-editor=\"ioca\" data-offset-key=\"df2eg-0-0\">\n<div class=\"_1mf _1mj\" data-offset-key=\"df2eg-0-0\">\n<header class=\"entry-header\">\n<h6 class=\"entry-title\"><a href=\"http:\/\/www.utviksvagen.se\/?p=962\" rel=\"bookmark\">\u00c5RSM\u00d6TE 2022, 28 MARS KL. 19.00<\/a><\/h6>\n<p>F\u00f6reningslokalen i Klapparvik<br \/>\nSedvanliga \u00e5rsm\u00f6tespunkter<br \/>\nF\u00f6reningen bjuder p\u00e5 fika.<br \/>\nV\u00e4lkomna!<\/p>\n<h6>&#8212;&#8212;&#8212;&#8212;&#8212;&#8212;&#8212;&#8212;&#8212;&#8212;&#8212;&#8212;&#8212;&#8212;&#8212;&#8212;&#8212;&#8212;&#8212;&#8212;-<\/h6>\n<h6 class=\"entry-title\"><a href=\"http:\/\/www.utviksvagen.se\/?p=962\" rel=\"bookmark\">\u00c5RSM\u00d6TE 2021, 29 MARS KL. 19.00 DIGITALT<\/a><\/h6>\n<div class=\"entry-meta\"><span style=\"font-size: inherit;\">\u00c5rets \u00e5rsm\u00f6te sker digitalt genom Zoom. Man kopplar upp sig med dator, platta eller telefon.<\/span><\/div>\n<\/header>\n<div class=\"entry-content\">\n<p>Dagordningen best\u00e5r av de vanliga punkterna f\u00f6r ett \u00e5rsm\u00f6te.<\/p>\n<p>Anm\u00e4lan senast 20 mars till Gunnar Olsson,\u00a0<a href=\"mailto:gunnar.olsson616@gmail.com\">gunnar.olsson616@gmail.com<\/a><\/p>\n<p>eller tel: 070 620 41 78<\/p>\n<p>Anm\u00e4lan beh\u00f6vs f\u00f6r att vi ska kunna skicka ut en uppkopplingsl\u00e4nk.<\/p>\n<p>V\u00e4lkomna att delta!<\/p>\n<p>Styrelsen<\/p>\n<p>&#8212;&#8212;&#8212;&#8212;&#8212;&#8212;&#8212;&#8212;&#8212;&#8212;&#8212;&#8212;&#8212;&#8212;&#8212;&#8212;&#8212;&#8212;&#8212;&#8212;&#8211;<\/p>\n<\/div>\n<p>\u00c5rsm\u00f6te 25 mars kl. 19.00<\/p>\n<p>F\u00f6reningslokalen i Klapparvik<br \/>\nSedvanliga \u00e5rsm\u00f6tespunkter<br \/>\nInfo.\u00a0\u00d6versiktsplan f\u00f6r S\u00f6derhamn<\/p>\n<p>F\u00f6reningen bjuder p\u00e5 fika.<br \/>\nV\u00e4lkomna!<\/p>\n<p>\u2014\u2014\u2014\u2014\u2014\/\/\/-<\/p>\n<p>D\u00e5 var det dags f\u00f6r halv\u00e5rsm\u00f6te igen!<\/p>\n<p>Tid: M\u00e5ndag 29 oktober kl. 19.00<\/p>\n<p>Lokal: F\u00f6reningslokalen<\/p>\n<p>V\u00e4lkomna!<\/p>\n<p>PS! F\u00f6reningen bjuder p\u00e5 fika<\/p>\n<p>\u2014\u2014\u2014\u2014\u2014\u2014\u2014\u2014\u2014<\/p>\n<p><strong><em>LOPPIS!<\/em><\/strong><\/p>\n<p><strong>P\u00e5 l\u00f6rdag 14 april \u00e4r det LOPPIS i f\u00f6reningslokalen, Klapparvik<\/strong><\/p>\n<p>Tid: kl 10 &#8211; 14,<\/p>\n<p>KOM O FYNDA.<\/p>\n<p>Fika finns att k\u00f6pa.<br \/>\nV\u00c4LKOMMEN<\/p>\n<p>&#8212;&#8212;&#8212;&#8212;&#8212;&#8212;&#8212;&#8212;&#8212;&#8212;&#8212;&#8212;&#8212;&#8212;&#8212;&#8212;-<\/p>\n<\/div>\n<div class=\"_1mf _1mj\" data-offset-key=\"df2eg-0-0\"><strong>Musikkv\u00e4ll med H\u00e5kan\u00a0<span class=\"_whq\" spellcheck=\"false\" data-offset-key=\"df2eg-1-0\">Nilsson<\/span><\/strong><\/div>\n<div class=\"_1mf _1mj\" data-offset-key=\"df2eg-0-0\"><em><strong>\u00c4ndrad artist p\u00e5 grund av sjukdom. Det blir Leif Lunkan Lundstr\u00f6m som kommer att st\u00e5 f\u00f6r underh\u00e5llningen.<\/strong><\/em><\/div>\n<div class=\"_1mf _1mj\" data-offset-key=\"df2eg-0-0\"><\/div>\n<div class=\"_1mf _1mj\" data-offset-key=\"df2eg-0-0\"><img loading=\"lazy\" class=\"alignnone wp-image-690\" src=\"http:\/\/www.utviksvagen.se\/wp-content\/uploads\/2018\/03\/H\u00e5kan-Nilsson-300x174.jpg\" alt=\"\" width=\"390\" height=\"226\" srcset=\"https:\/\/www.utviksvagen.se\/wp-content\/uploads\/2018\/03\/H\u00e5kan-Nilsson-300x174.jpg 300w, https:\/\/www.utviksvagen.se\/wp-content\/uploads\/2018\/03\/H\u00e5kan-Nilsson-768x445.jpg 768w, https:\/\/www.utviksvagen.se\/wp-content\/uploads\/2018\/03\/H\u00e5kan-Nilsson-1024x593.jpg 1024w, https:\/\/www.utviksvagen.se\/wp-content\/uploads\/2018\/03\/H\u00e5kan-Nilsson.jpg 1151w\" sizes=\"(max-width: 390px) 100vw, 390px\" \/><\/div>\n<\/div>\n<div class=\"\" data-block=\"true\" data-editor=\"ioca\" data-offset-key=\"b3hvq-0-0\">\n<div class=\"_1mf _1mj\" data-offset-key=\"b3hvq-0-0\"><span data-offset-key=\"b3hvq-0-0\">Fredag 6 april kl. 19.00<\/span><\/div>\n<\/div>\n<div class=\"\" data-block=\"true\" data-editor=\"ioca\" data-offset-key=\"8mc8c-0-0\">\n<div class=\"_1mf _1mj\" data-offset-key=\"8mc8c-0-0\"><span data-offset-key=\"8mc8c-0-0\">F\u00f6reningslokalen, Klapparvik<\/span><\/div>\n<\/div>\n<div class=\"\" data-block=\"true\" data-editor=\"ioca\" data-offset-key=\"b0j08-0-0\">\n<div class=\"_1mf _1mj\" data-offset-key=\"b0j08-0-0\"><span data-offset-key=\"b0j08-0-0\">Pris: 50 kr inkl. kaffe\/te med dopp<\/span><\/div>\n<\/div>\n<div class=\"\" data-block=\"true\" data-editor=\"ioca\" data-offset-key=\"807l1-0-0\">\n<div class=\"_1mf _1mj\" data-offset-key=\"807l1-0-0\"><span data-offset-key=\"807l1-0-0\">V\u00e4lkomna!<\/span><\/div>\n<\/div>\n<p>&#8212;&#8212;&#8212;&#8212;&#8212;&#8212;&#8212;&#8212;&#8212;&#8212;&#8212;&#8212;&#8212;&#8212;&#8212;&#8212;&#8212;&#8212;&#8212;&#8212;-<\/p>\n<p><strong>\u00c5rsm\u00f6te 26 mars kl. 19.00<\/strong><\/p>\n<p>F\u00f6reningslokalen i Klapparvik<\/p>\n<p>Sedvanliga \u00e5rsm\u00f6tespunkter<br \/>\nInfo.\u00a0\u00d6versiktsplan f\u00f6r S\u00f6derhamn<\/p>\n<p>F\u00f6reningen bjuder p\u00e5 fika.<br \/>\nV\u00e4lkomna!<\/p>\n<p>&#8212;&#8212;&#8212;&#8212;&#8212;&#8212;&#8212;&#8212;&#8212;&#8212;&#8212;&#8212;&#8212;&#8212;&#8212;&#8212;&#8212;&#8212;&#8212;-<\/p>\n<p><strong>Information och dialog om kommunens \u00f6versiktsplan (\u00d6P).\u00a0<\/strong><br \/>\nPlanen \u00e4r ute p\u00e5 samr\u00e5d och synpunkter ska l\u00e4mnas senast 14 mars.<\/p>\n<p>F\u00f6reningen bjuder in till dialogm\u00f6te inf\u00f6r remissyttrande.<\/p>\n<div class=\"text_exposed_show\">\n<p>Tid: M\u00e5ndag 12 februari kl. 18.00<br \/>\nLokal: F\u00f6reningslokalen, Klapparvik<\/p>\n<p>V\u00e4lkomna!<\/p>\n<p>&#8212;&#8212;&#8212;&#8212;&#8212;&#8212;&#8212;&#8212;&#8212;&#8212;&#8212;&#8212;&#8212;&#8212;&#8212;&#8212;&#8212;&#8212;&#8212;&#8211;<\/p>\n<\/div>\n<p><strong>H\u00e5llpunkter f\u00f6r v\u00e5ren 2018<\/strong><\/p>\n<p>Julgransplundring, s\u00f6ndag 14 januari, kl. 15.00, f\u00f6reningslokalen<\/p>\n<p>Uppstart friskv\u00e5rdgympa, tisdag 23 januari, kl. 19.00, f\u00f6reningslokalen, \u00d6vriga tider:\u00a0<span style=\"font-family: Calibri;\">\u00a06\/2, 13,2, 20\/2,27\/2,\u00a0<\/span><span style=\"font-family: Calibri;\">6\/3, 13\/3, (inget den 20\/3),\u00a0<\/span><span style=\"font-family: Calibri;\">27\/3, 3\/4, 10\/4, 17\/4, 24\/4,\u00a0<\/span><span style=\"font-family: Calibri;\">8\/5 och\u00a015\/5.<\/span><\/p>\n<p>Uppstart &#8221;Gubbgympa&#8221;, torsdag 25 januari kl. 19.00, f\u00f6reningslokalen. \u00d6vriga tider:\u00a0<span style=\"font-family: Calibri;\">25\/1, 1\/2, 8\/2, 15\/2, 22\/2, 1\/3, 8\/3, 15\/3,\u00a0<\/span><span style=\"font-family: Calibri;\">(inget den 20\/3),\u00a0<\/span><span style=\"font-family: Calibri;\">29\/3, 5\/4, 12\/4, 19\/4, 26\/4, 10\/5 och 17\/5.<\/span><\/p>\n<p>Styrelsem\u00f6ten kl. 18.00:\u00a029 januari, 26 februari,\u00a026 mars, 23 april och 28 maj, f\u00f6reningslokalen<\/p>\n<p>\u00c5rsm\u00f6te m\u00e5ndag 26 mars kl. 19.00, f\u00f6reningslokalen<\/p>\n<p>Musikkv\u00e4ll med H\u00e5kan Nilsson, kl. 19.00, F\u00f6reningslokalen.<\/p>\n<p>Loppis, 14 april, kl. 10-14. Boka bord (50 kr) senast 6 april. Ring Carina 070-367 58 28.<\/p>\n<p>Valborgsfirande 30 april. kl. 20.30, Varvet<\/p>\n<p>&#8212;&#8212;&#8212;&#8212;&#8212;&#8212;&#8212;&#8212;&#8212;&#8212;&#8212;&#8212;&#8211;<\/p>\n<p><strong>Halv\u00e5rsm\u00f6te.\u00a0<\/strong><\/p>\n<p>Tid: M\u00e5ndag 23 oktober kl. 19.00<\/p>\n<p>Lokal: F\u00f6reningslokalen<\/p>\n<p>V\u00e4lkomna!<\/p>\n<p>PS! F\u00f6reningen bjuder p\u00e5 fika<\/p>\n<p>&#8212;&#8212;&#8212;&#8212;&#8212;&#8212;&#8212;&#8212;&#8212;&#8212;&#8212;&#8212;<\/p>\n<p><strong>Midsommarafton<\/strong><\/p>\n<div class=\"\" data-block=\"true\" data-editor=\"aqnn5\" data-offset-key=\"92u1l-0-0\">\n<div class=\"_1mf _1mj\" data-offset-key=\"92u1l-0-0\"><span data-offset-key=\"92u1l-0-0\">I morgon fr 23 juni kl. 15.00 inbjuder Equmeniakyrkan till midsommarafton p\u00e5 K\u00e4llvik.<\/span><\/div>\n<\/div>\n<div class=\"\" data-block=\"true\" data-editor=\"aqnn5\" data-offset-key=\"8b6ie-0-0\">\n<div class=\"_1mf _1mj\" data-offset-key=\"8b6ie-0-0\"><span data-offset-key=\"8b6ie-0-0\">Majst\u00e5ngen reses, lekar runt st\u00e5ngen med clownen, barn och familjeh\u00f6rna med Rupers Clowner utan gr\u00e4nser. S\u00e5ng o musik i midsommar. V\u00e4lkomna!<\/span><\/div>\n<div class=\"_1mf _1mj\" data-offset-key=\"8b6ie-0-0\">&#8212;&#8212;&#8212;&#8212;&#8212;&#8212;&#8212;&#8212;&#8212;&#8212;&#8212;&#8211;<\/div>\n<\/div>\n<p><strong>Valborg<\/strong><\/p>\n<p>30 April. Valborgsfirande som vanligt p\u00e5 Varvet.<\/p>\n<p>Brasan t\u00e4nds kl. 20.30<\/p>\n<p>Korvst\u00e5nd, V\u00e4lkomna!<\/p>\n<p>___________________________<\/p>\n<p><strong>\u00c5rsm\u00f6te<\/strong><\/p>\n<p>M\u00e5ndag 20 mars kl. 19.00. F\u00f6reningslokalen<\/p>\n<p>Sedvanliga \u00e5rsm\u00f6tesf\u00f6rhandlingar<\/p>\n<p>Information om fiberprojektet<\/p>\n<p>Fika, V\u00e4lkomna!<\/p>\n<p>&#8212;&#8212;&#8212;&#8212;&#8212;&#8212;&#8212;&#8212;&#8212;&#8212;&#8212;<\/p>\n<p><strong>H\u00e5llpunkter f\u00f6r v\u00e5ren<\/strong><\/p>\n<p>Julgransplundring, s\u00f6ndag 15 januari, kl. 15.00, f\u00f6reningslokalen<\/p>\n<p>Uppstart friskv\u00e5rdgympa, tisdag 24 januari, kl. 19.00, f\u00f6reningslokalen,<\/p>\n<p>Styrelsem\u00f6ten kl. 18.00: 30 januari, 27 februari, 20 mars, 24 april och 29 maj, f\u00f6reningslokalen<\/p>\n<p>\u00c5rsm\u00f6te m\u00e5ndag 20 mars kl. 19.00, f\u00f6reningslokalen<\/p>\n<p>Valborgsfirande 30 april. kl. 20.30, Varvet<\/p>\n<p>&#8212;&#8212;&#8212;&#8212;&#8212;&#8212;&#8212;&#8212;&#8212;&#8212;-<\/p>\n<p><strong>Halv\u00e5rsm\u00f6te<\/strong><br \/>\nM\u00e5ndag 24 oktober kl. 19.00, F\u00f6reningslokalen, Klapparvik<br \/>\nInformation om Utvika&#8217;n, fiber, grannsamverkan och trafiks\u00e4kerhet.<br \/>\nF\u00f6reningen bjuder p\u00e5 fika.<br \/>\nV\u00e4lkomna!<\/p>\n<p>&#8212;&#8212;&#8212;&#8212;&#8212;&#8212;&#8212;&#8212;&#8212;&#8212;<\/p>\n<p><strong>H\u00e5llpunkter f\u00f6r h\u00f6sten<\/strong><\/p>\n<p>Lyskv\u00e4ll p\u00e5 K\u00e4llvik kl. 19.00-20.00. Smal Group Forsa upptr\u00e4der.<\/p>\n<p>Styrelsem\u00f6ten kl. 18.00 : 29 augusti, 26 september och 24 oktober<\/p>\n<p>Halv\u00e5rsm\u00f6te kl. 19.00, 24 oktober<\/p>\n<p>Friskv\u00e5rdsgruppen tr\u00e4ffas p\u00e5 tisdagar kl. 19.00. Startdatum\u00a06 september.<\/p>\n<p>&#8212;&#8212;&#8212;&#8212;&#8212;&#8212;&#8212;&#8212;&#8212;&#8211;<\/p>\n<p>K\u00e4llvik<strong> sommaren 2016<\/strong><\/p>\n<p>24 juni Midsommarfirande 15.00 med majst\u00e5ngsresning, lekar runt st\u00e5ngen, barnh\u00f6rna mm.<\/p>\n<p>26 juni s\u00f6 18.00 Gudstj\u00e4nst i midsommartid.<\/p>\n<p>29 juni on 18.30 Veteranbilar &amp; pension\u00e4rer p\u00e5 K\u00e4llvik. Ett samarbete med H\u00e4lsinglands Fordons Historiker<\/p>\n<p>3 juli \u00a0\u00a0s\u00f6\u00a0 18.00 Dragspelstoner med Melvin o Janne Persson.<\/p>\n<p>10 juli \u00a0s\u00f6 18.00 Gudstj\u00e4nst.<\/p>\n<p>17 juli\u00a0 s\u00f6 18.00 Gudstj\u00e4nst<\/p>\n<p>24 juli \u00a0s\u00f6 18.00 \u201dSprucken kopp\u201d Samuel Wennstig sjunger egna visor.<\/p>\n<p>31 juli\u00a0 s\u00f6 18.00 S\u00e5ng o musikprogram med Martina Sahlin o Jonas Eklund.<\/p>\n<p>7 aug\u00a0 s\u00f6 \u00a018.00 Gudstj\u00e4nst<\/p>\n<p>14 aug s\u00f6 18.00 Himmelska smultronst\u00e4llen. Irene &amp; Roberth Johansson Aneby, sjunger och delar med sig av humor i helgade hyddor.<\/p>\n<p>16 aug ti \u00a0\u00a014.00 Sommartr\u00e4ff med sotare och konstn\u00e4ren Albert Blombergsson Mamre. Antikarie Lars Nylander Hudiksvalls museum ber\u00e4ttar. Servering av sotare o potatis, kaffe o kaka 100:-. Anm\u00e4lan senast 14 aug till Birgitta Karlsson 28 43 52.<\/p>\n<p>21 aug s\u00f6\u00a0 18.00 Han r\u00e4ddade flyktingar i Medelhavet. G\u00f6ran Grud\u00e9n Svensson bef\u00e4lhavare p\u00e5 Kustbevaknings fartyg vid Lesbos ber\u00e4ttar om sina upplevelser.<\/p>\n<p>27 aug l\u00f6\u00a0\u00a0 19.00 Lyskv\u00e4ll p\u00e5 K\u00e4llvik. T\u00e4ndning av maschaller, servering fram till 20.00 \u00a020.00 Sommarens sista ljuva toner med Smal Group Forsa<\/p>\n<p>&#8212;&#8212;&#8212;&#8212;&#8212;&#8212;&#8212;&#8212;&#8212;&#8212;&#8212;&#8212;&#8212;&#8212;&#8212;&#8212;&#8212;&#8212;&#8212;-<\/p>\n<p>Loppisen<strong> den 18 juni, inst\u00e4lld<\/strong><\/p>\n<p><em><strong>Loppisen st\u00e4lls in p\u00e5 grund av f\u00e5 anm\u00e4lningar.<\/strong><\/em><\/p>\n<p>Vi \u00e5terkommer med nytt datum under juli.<\/p>\n<p>&#8212;&#8212;&#8212;&#8212;&#8212;&#8212;&#8212;&#8212;&#8212;&#8212;&#8212;&#8212;&#8212;&#8212;&#8212;&#8212;&#8212;&#8212;<\/p>\n<p><strong>Programpunkter under v\u00e5ren<\/strong><\/p>\n<p><strong>L\u00f6rdag 30 april kl. 20.30<\/strong> <strong>Valborgsfirande<\/strong> vid Varvet<\/p>\n<p><strong>Torsdag 5 maj kl. 08.00 G\u00f6kotta<\/strong>. Samling vid Varvet.<\/p>\n<p><strong>Arbetsdag 28 maj, F\u00f6reningslokalen<\/strong>.\u00a0Tiden \u00e4r kl 9-13. \u00a0 \u00a0 \u00a0 \u00a0 \u00a0 \u00a0 \u00a0 \u00a0 \u00a0 \u00a0 \u00a0 \u00a0 \u00a0<span style=\"line-height: 1.5;\">Det handlar om m\u00e5leri, snickring och r\u00f6jning. \u00a0 \u00a0 \u00a0 \u00a0 \u00a0 \u00a0 \u00a0 \u00a0 \u00a0 \u00a0 \u00a0 \u00a0 \u00a0 \u00a0<\/span>F\u00f6reningen bjuder p\u00e5 fika, korv och dricka.<\/p>\n<p><strong>L\u00f6rdag 18 juni, Loppis<\/strong>, F\u00f6reningslokalen<\/p>\n<p>&#8212;&#8212;&#8212;&#8212;&#8212;&#8212;&#8212;&#8212;&#8212;&#8212;&#8212;&#8212;&#8212;&#8212;&#8212;&#8212;&#8212;&#8211;<\/p>\n<p>\u00c5rsm\u00f6te<\/p>\n<p>M\u00e5ndag 14 mars kl. 19.00. F\u00f6reningslokalen<\/p>\n<p>Sedvanliga \u00e5rsm\u00f6tesf\u00f6rhandlingar<\/p>\n<p>Information om fiberprojektet<\/p>\n<p>Fika, V\u00e4lkomna!<\/p>\n<p>&#8212;&#8212;&#8212;&#8212;&#8212;&#8212;&#8212;&#8212;&#8212;&#8212;&#8212;&#8212;&#8212;&#8212;&#8212;&#8212;&#8212;&#8212;<\/p>\n<p><strong>Friskv\u00e5rdsgympa<\/strong><\/p>\n<p>Tisdagar (fr.o.m. 26 jan.) kl. 19.00. F\u00f6reningslokalen.<\/p>\n<p>Ledare: Carina Edgren<\/p>\n<p>\u00d6nskem\u00e5l om deltagande, kontakta Carina E, tel: 070-3675828<\/p>\n<p>&#8212;&#8212;&#8212;&#8212;&#8212;&#8212;&#8212;&#8212;&#8212;&#8212;&#8212;&#8212;&#8212;&#8212;&#8212;&#8212;&#8212;&#8212;-<\/p>\n<p><strong>Julgransplundring<\/strong><\/p>\n<p>S\u00f6ndag 17 januari kl. 15.00. F\u00f6reningslokalen<\/p>\n<p>Dans runt granen, tomtebes\u00f6k&#8230;<\/p>\n<p>V\u00e4lkomna!<\/p>\n<p>&#8212;&#8212;&#8212;&#8212;&#8212;&#8212;&#8212;&#8212;&#8212;&#8212;&#8212;&#8212;&#8212;&#8212;&#8212;&#8212;&#8212;&#8212;<\/p>\n<p><strong>Information om bredband i Forsbacka<\/strong><\/p>\n<p>Informationsm\u00f6te om fiber\/bredbandsprojektet efter Utviksv\u00e4gen.<\/p>\n<p><strong>Tid och plats:\u00a023 nov. Kl 19.30 Forsbacka skola<\/strong><\/p>\n<p><span class=\"text_exposed_show\">Medverkar vid m\u00f6tet: Bj\u00f6rn Eriksson och Gunnar Olsson. Kontakttel. 070-6204178<br \/>\nM\u00f6tet genomf\u00f6rs i samverkan med Forsbacka sportklubb.<\/span><\/p>\n<p><span class=\"text_exposed_show\">V\u00e4lkomna!<\/span><\/p>\n<p>&#8212;&#8212;&#8212;&#8212;&#8212;&#8212;&#8212;&#8212;&#8212;&#8212;&#8212;&#8212;&#8212;&#8212;&#8212;&#8212;&#8212;&#8211;<\/p>\n<p><strong>L\u00f6vkrattning<\/strong><\/p>\n<p>Om du har tid \u00f6ver f\u00f6r l\u00f6vkrattning och uppsnyggning kring F\u00f6reningslokalen s\u00e5 tr\u00e4ffas vi och fixar till det.<\/p>\n<p><strong>l\u00f6rdagen den 7 november kl. 10.00. Tag g\u00e4rna med kratta. <\/strong><\/p>\n<p>F\u00f6reningen bjuder p\u00e5 fika.<\/p>\n<p>&#8212;&#8212;&#8212;&#8212;&#8212;&#8212;&#8212;&#8212;&#8212;&#8212;&#8212;&#8212;&#8212;&#8212;&#8212;&#8212;&#8212;&#8212;-<\/p>\n<p><strong>Halv\u00e5rsm\u00f6te<\/strong><br \/>\nM\u00e5ndag 19 oktober, kl 19.00<br \/>\nF\u00f6reningslokalen.<br \/>\nM\u00f6tet inleds med ett \u00f6ppet m\u00f6te om fiberutbyggnaden efter Utviksv\u00e4gen f\u00f6r medlemmar och intresserade.<br \/>\nPunkter som kommer att behandlas p\u00e5 halv\u00e5rsm\u00f6tet:<span class=\"text_exposed_show\"><br \/>\nInformation om Utvikar&#8217;n<br \/>\nV\u00e4rvningsaktiviteter<br \/>\nInformation om Grannsamverkan och trafiks\u00e4kerhet<br \/>\nF\u00f6reningen bjuder p\u00e5 kaffe<br \/>\nV\u00e4lkomna!<\/span><\/p>\n<p>&#8212;&#8212;&#8212;&#8212;&#8212;&#8212;&#8212;&#8212;&#8212;&#8212;&#8212;&#8212;&#8212;&#8212;&#8212;&#8212;&#8212;&#8212;&#8212;<\/p>\n<p><strong>Fiber\/bredband efter Utviksv\u00e4gen<\/strong><\/p>\n<p><a href=\"http:\/\/www.utviksvagen.se\/wp-content\/uploads\/2015\/08\/Fiber-1.jpg\"><img loading=\"lazy\" class=\"alignnone wp-image-279\" src=\"http:\/\/www.utviksvagen.se\/wp-content\/uploads\/2015\/08\/Fiber-1-300x154.jpg\" alt=\"Fiber 1\" width=\"522\" height=\"268\" srcset=\"https:\/\/www.utviksvagen.se\/wp-content\/uploads\/2015\/08\/Fiber-1-300x154.jpg 300w, https:\/\/www.utviksvagen.se\/wp-content\/uploads\/2015\/08\/Fiber-1-1024x526.jpg 1024w, https:\/\/www.utviksvagen.se\/wp-content\/uploads\/2015\/08\/Fiber-1.jpg 2048w\" sizes=\"(max-width: 522px) 100vw, 522px\" \/><\/a><\/p>\n<p>Idag finns fiber fr\u00e5n Segelvik till S\u00e4ter. N\u00e4ras ambition \u00e4r att det ska finnas\u00a0tillg\u00e5ng till fiber\/bredband efter hela Utviksv\u00e4gen.<\/p>\n<p>S\u00f6derhamn N\u00c4RA f\u00f6rbereder en ans\u00f6kan om bredbandsst\u00f6d f\u00f6r fiber fr\u00e5n S\u00e4ter till i f\u00f6rsta hand Fridsbacka. Ans\u00f6kan kan komma att utvidgas hela v\u00e4gen fram till Sk\u00e4rs\u00e5v\u00e4gen.<\/p>\n<p>Mer info p\u00e5 <a title=\"Fiber\/bredband efter Utviksv\u00e4gen\" href=\"http:\/\/www.utviksvagen.se\/?p=278\" target=\"_blank\" rel=\"noopener noreferrer\">f\u00f6rsta sidan<\/a><\/p>\n<p><strong>Styrelsen planerar bredbandsinformation i F\u00f6reningslokalen enligt f\u00f6ljande:<\/strong><\/p>\n<p><strong>21\u00a0september kl. 19.00, byarnas kontaktombud<\/strong><\/p>\n<p><strong>19 oktober kl. 19.00, Halv\u00e5rsm\u00f6te, \u00a0information till medlemmar och intresserade.<\/strong><\/p>\n<p>&#8212;&#8212;&#8212;&#8212;&#8212;&#8212;&#8212;&#8212;&#8212;&#8212;&#8212;&#8212;&#8212;&#8212;&#8212;&#8212;&#8212;&#8212;&#8212;&#8212;&#8212;&#8212;&#8212;&#8212;&#8212;&#8212;-<\/p>\n<p>Arbetsdag 27 juni<\/p>\n<p><a href=\"http:\/\/www.utviksvagen.se\/wp-content\/uploads\/2015\/06\/P1050108-2.jpg\"><img loading=\"lazy\" class=\"alignnone wp-image-258\" src=\"http:\/\/www.utviksvagen.se\/wp-content\/uploads\/2015\/06\/P1050108-2-300x213.jpg\" alt=\"P1050108 (2)\" width=\"423\" height=\"300\" srcset=\"https:\/\/www.utviksvagen.se\/wp-content\/uploads\/2015\/06\/P1050108-2-300x213.jpg 300w, https:\/\/www.utviksvagen.se\/wp-content\/uploads\/2015\/06\/P1050108-2-1024x727.jpg 1024w\" sizes=\"(max-width: 423px) 100vw, 423px\" \/><\/a><\/p>\n<p>Alla \u00e4r hj\u00e4rtligt v\u00e4lkomna att delta i f\u00f6reningens arbetsdag vid F\u00f6reningslokalen.<\/p>\n<p>Tid: 27 juni kl. 9-13. (om du inte har m\u00f6jlighet att vara med hela tiden s\u00e5 kom en stund)<\/p>\n<p>M\u00e5leri, snickring, r\u00f6jning etc.<\/p>\n<p>F\u00f6reningen bjuder p\u00e5 fika, korv och dricka<\/p>\n<p>&#8212;&#8212;&#8212;&#8212;&#8212;&#8212;&#8212;&#8212;&#8212;&#8212;&#8212;&#8212;&#8212;&#8212;&#8212;&#8212;&#8212;-<\/p>\n<p><strong>Moautflykt 26 maj<\/strong><\/p>\n<p><a href=\"http:\/\/www.utviksvagen.se\/wp-content\/uploads\/2015\/03\/B\u00e5tutflykt.jpg\"><img loading=\"lazy\" class=\"alignnone wp-image-245\" src=\"http:\/\/www.utviksvagen.se\/wp-content\/uploads\/2015\/03\/B\u00e5tutflykt-300x252.jpg\" alt=\"B\u00e5tutflykt\" width=\"427\" height=\"359\" srcset=\"https:\/\/www.utviksvagen.se\/wp-content\/uploads\/2015\/03\/B\u00e5tutflykt-300x252.jpg 300w, https:\/\/www.utviksvagen.se\/wp-content\/uploads\/2015\/03\/B\u00e5tutflykt.jpg 720w\" sizes=\"(max-width: 427px) 100vw, 427px\" \/><\/a><\/p>\n<p>&#8212;&#8212;&#8212;&#8212;&#8212;&#8212;&#8212;&#8212;&#8212;&#8212;&#8212;&#8212;&#8212;&#8212;&#8212;&#8212;&#8212;-<\/p>\n<p><strong>G\u00f6kotta 14 maj (Kristi himmelsf\u00e4rdsdagen)<\/strong><\/p>\n<p><img loading=\"lazy\" class=\"alignnone wp-image-143\" src=\"http:\/\/www.utviksvagen.se\/wp-content\/uploads\/2015\/04\/P1040671-2-171x300.jpg\" alt=\"P1040671 (2)\" width=\"105\" height=\"184\" srcset=\"https:\/\/www.utviksvagen.se\/wp-content\/uploads\/2015\/04\/P1040671-2-171x300.jpg 171w, https:\/\/www.utviksvagen.se\/wp-content\/uploads\/2015\/04\/P1040671-2-585x1024.jpg 585w, https:\/\/www.utviksvagen.se\/wp-content\/uploads\/2015\/04\/P1040671-2.jpg 1363w\" sizes=\"(max-width: 105px) 100vw, 105px\" \/>\u00a0<a href=\"http:\/\/www.utviksvagen.se\/wp-content\/uploads\/2015\/03\/P1040781-2.jpg\"><img loading=\"lazy\" class=\"alignnone wp-image-211\" src=\"http:\/\/www.utviksvagen.se\/wp-content\/uploads\/2015\/03\/P1040781-2-300x173.jpg\" alt=\"P1040781 (2)\" width=\"319\" height=\"184\" srcset=\"https:\/\/www.utviksvagen.se\/wp-content\/uploads\/2015\/03\/P1040781-2-300x173.jpg 300w, https:\/\/www.utviksvagen.se\/wp-content\/uploads\/2015\/03\/P1040781-2-1024x591.jpg 1024w\" sizes=\"(max-width: 319px) 100vw, 319px\" \/><\/a><\/p>\n<p>Samling vid Varvet kl. 08.00. Vandring via V\u00e5rdbergsleden till berget. V\u00e4rdar f\u00f6r vandringen \u00e4r Carina och G\u00f6ran Edgren. \u00a0P\u00e5 berget v\u00e4ntar nya b\u00e4nkar och utsikt \u00f6ver fj\u00e4rd och hav. Ingen f\u00f6ranm\u00e4lan. Kl\u00e4dsel efter v\u00e4derlek. V\u00e4lkomna!<\/p>\n<p>&#8212;&#8212;&#8212;&#8212;&#8212;&#8212;&#8212;&#8212;&#8212;&#8212;&#8212;&#8212;&#8212;&#8212;&#8212;&#8212;&#8212;&#8212;&#8212;-<\/p>\n<p><strong>Valborgsm\u00e4ssofirande<\/strong><\/p>\n<p><img loading=\"lazy\" class=\"attachment-post-thumbnail\" src=\"http:\/\/www.utviksvagen.se\/wp-content\/uploads\/2015\/03\/IMG_1740-2-672x372.jpg\" alt=\"IMG_1740 (2)\" width=\"393\" height=\"217\" \/><\/p>\n<p>Valborgsm\u00e4ssofirande den 30 april som vanligt p\u00e5 Varvet.<\/p>\n<p>Kasen t\u00e4nds kl. 20.30<\/p>\n<p>Spontan s\u00e5ng uppmuntras. V\u00e4lkomna!<\/p>\n<p>&#8212;&#8212;&#8212;&#8212;&#8212;&#8212;&#8212;&#8212;&#8212;&#8212;&#8212;<\/p>\n<p>\u00c5rsm\u00f6te 23 mars kl. 19.00<\/p>\n<p>Lokal: F\u00f6reningslokalen<\/p>\n<p>F\u00f6rutom sedvanliga punkter s\u00e5 ska tre ordinarie ledam\u00f6ter v\u00e4ljas varav en kass\u00f6r. \u00c4ven en suppleant, tv\u00e5 revisorer och valberedning ska v\u00e4ljas.<\/p>\n<p>Vi tar g\u00e4rna emot f\u00f6rslag p\u00e5 nya ledam\u00f6ter inf\u00f6r valet av styrelse.<\/p>\n<p>V\u00e4lkomna!<\/p>\n","protected":false},"excerpt":{"rendered":"<p>\u00c5RSM\u00d6TE 2023, 27 MARS KL. 19.00 F\u00f6reningslokalen i Klapparvik Sedvanliga \u00e5rsm\u00f6tespunkter F\u00f6reningen bjuder p\u00e5 fika. V\u00e4lkomna! &#8212;&#8212;&#8212;&#8212;&#8212;&#8212;&#8212;&#8212;&#8212;&#8212;&#8212;&#8212;&#8212;&#8212;&#8212;&#8212;&#8212;&#8212;&#8212;- \u00c5RSM\u00d6TE 2022, 28 MARS KL. 19.00 F\u00f6reningslokalen i Klapparvik Sedvanliga \u00e5rsm\u00f6tespunkter F\u00f6reningen bjuder p\u00e5 fika. V\u00e4lkomna! &#8212;&#8212;&#8212;&#8212;&#8212;&#8212;&#8212;&#8212;&#8212;&#8212;&#8212;&#8212;&#8212;&#8212;&#8212;&#8212;&#8212;&#8212;&#8212;&#8212;- \u00c5RSM\u00d6TE 2021, 29 MARS KL. 19.00 DIGITALT \u00c5rets \u00e5rsm\u00f6te sker digitalt genom Zoom. Man kopplar upp sig med dator, platta eller &hellip; <a href=\"https:\/\/www.utviksvagen.se\/?page_id=52\" class=\"more-link\">Forts\u00e4tt l\u00e4sa <span class=\"screen-reader-text\">Program<\/span> <span class=\"meta-nav\">&rarr;<\/span><\/a><\/p>\n","protected":false},"author":1,"featured_media":0,"parent":0,"menu_order":0,"comment_status":"closed","ping_status":"open","template":"","meta":[],"_links":{"self":[{"href":"https:\/\/www.utviksvagen.se\/index.php?rest_route=\/wp\/v2\/pages\/52"}],"collection":[{"href":"https:\/\/www.utviksvagen.se\/index.php?rest_route=\/wp\/v2\/pages"}],"about":[{"href":"https:\/\/www.utviksvagen.se\/index.php?rest_route=\/wp\/v2\/types\/page"}],"author":[{"embeddable":true,"href":"https:\/\/www.utviksvagen.se\/index.php?rest_route=\/wp\/v2\/users\/1"}],"replies":[{"embeddable":true,"href":"https:\/\/www.utviksvagen.se\/index.php?rest_route=%2Fwp%2Fv2%2Fcomments&post=52"}],"version-history":[{"count":44,"href":"https:\/\/www.utviksvagen.se\/index.php?rest_route=\/wp\/v2\/pages\/52\/revisions"}],"predecessor-version":[{"id":1122,"href":"https:\/\/www.utviksvagen.se\/index.php?rest_route=\/wp\/v2\/pages\/52\/revisions\/1122"}],"wp:attachment":[{"href":"https:\/\/www.utviksvagen.se\/index.php?rest_route=%2Fwp%2Fv2%2Fmedia&parent=52"}],"curies":[{"name":"wp","href":"https:\/\/api.w.org\/{rel}","templated":true}]}}