{"id":493,"date":"2016-10-07T08:12:20","date_gmt":"2016-10-07T08:12:20","guid":{"rendered":"http:\/\/www.utviksvagen.se\/?page_id=493"},"modified":"2026-03-06T10:06:05","modified_gmt":"2026-03-06T10:06:05","slug":"korsord-3-2016","status":"publish","type":"page","link":"https:\/\/www.utviksvagen.se\/?page_id=493","title":{"rendered":"Korsord"},"content":{"rendered":"<p>H\u00e4r finner du korsord inf\u00f6rda i Utvikar&#8217;n f\u00f6r utskrift och ifyllande (om du inte vill klippa s\u00f6nder tidningen). Filen \u00e4r i PDF-format och kan f\u00f6rstoras ifall texten i tidningen upplevs som sv\u00e5rl\u00e4st. Lycka till!<\/p>\n<p><a href=\"http:\/\/www.utviksvagen.se\/wp-content\/uploads\/2026\/03\/Nr1-2024-korsord-webb.pdf\">Korsord nr 1 2026<\/a><\/p>\n<p>Sista inl\u00e4mningsdag 20 april<\/p>\n<p>L\u00f6sningen skickas till Utviksv\u00e4gens Intressef\u00f6rening<\/p>\n<p>Klapparvik 623, 826 91 S\u00f6derhamn<\/p>\n<p>H\u00e4r nedan kan du se l\u00f6sningen p\u00e5 v\u00e5rt f\u00f6rra korsord<\/p>\n<p><a href=\"http:\/\/www.utviksvagen.se\/wp-content\/uploads\/2026\/03\/1720-7-Gladjespridare-LOSNING-.pdf\">Korsord nr 4 2025 l\u00f6sning<\/a><\/p>\n\n\n<p><\/p>\n","protected":false},"excerpt":{"rendered":"<p>H\u00e4r finner du korsord inf\u00f6rda i Utvikar&#8217;n f\u00f6r utskrift och ifyllande (om du inte vill klippa s\u00f6nder tidningen). Filen \u00e4r i PDF-format och kan f\u00f6rstoras ifall texten i tidningen upplevs som sv\u00e5rl\u00e4st. Lycka till! Korsord nr 1 2026 Sista inl\u00e4mningsdag 20 april L\u00f6sningen skickas till Utviksv\u00e4gens Intressef\u00f6rening Klapparvik 623, 826 91 S\u00f6derhamn H\u00e4r nedan kan &hellip; <a href=\"https:\/\/www.utviksvagen.se\/?page_id=493\" class=\"more-link\">Forts\u00e4tt l\u00e4sa <span class=\"screen-reader-text\">Korsord<\/span> <span class=\"meta-nav\">&rarr;<\/span><\/a><\/p>\n","protected":false},"author":1,"featured_media":0,"parent":0,"menu_order":0,"comment_status":"closed","ping_status":"closed","template":"","meta":[],"_links":{"self":[{"href":"https:\/\/www.utviksvagen.se\/index.php?rest_route=\/wp\/v2\/pages\/493"}],"collection":[{"href":"https:\/\/www.utviksvagen.se\/index.php?rest_route=\/wp\/v2\/pages"}],"about":[{"href":"https:\/\/www.utviksvagen.se\/index.php?rest_route=\/wp\/v2\/types\/page"}],"author":[{"embeddable":true,"href":"https:\/\/www.utviksvagen.se\/index.php?rest_route=\/wp\/v2\/users\/1"}],"replies":[{"embeddable":true,"href":"https:\/\/www.utviksvagen.se\/index.php?rest_route=%2Fwp%2Fv2%2Fcomments&post=493"}],"version-history":[{"count":115,"href":"https:\/\/www.utviksvagen.se\/index.php?rest_route=\/wp\/v2\/pages\/493\/revisions"}],"predecessor-version":[{"id":1398,"href":"https:\/\/www.utviksvagen.se\/index.php?rest_route=\/wp\/v2\/pages\/493\/revisions\/1398"}],"wp:attachment":[{"href":"https:\/\/www.utviksvagen.se\/index.php?rest_route=%2Fwp%2Fv2%2Fmedia&parent=493"}],"curies":[{"name":"wp","href":"https:\/\/api.w.org\/{rel}","templated":true}]}}