{"id":39,"date":"2015-03-10T15:23:18","date_gmt":"2015-03-10T15:23:18","guid":{"rendered":"http:\/\/www.utviksvagen.se\/?page_id=39"},"modified":"2024-05-19T15:10:08","modified_gmt":"2024-05-19T15:10:08","slug":"om","status":"publish","type":"page","link":"https:\/\/www.utviksvagen.se\/?page_id=39","title":{"rendered":"Utviksv\u00e4gens intressef\u00f6rening"},"content":{"rendered":"<p>Utviksf\u00f6reningens Intressef\u00f6rening \u00e4r en ideell f\u00f6rening f\u00f6r att tillvarata och utveckla samh\u00e4llen och byar utmed Utviksv\u00e4gens str\u00e4ckning.<\/p>\n<p>F\u00f6reningen har bland annat till syfte att sprida information om Utviksv\u00e4gens geografiska l\u00e4ge f\u00f6r permanent- och fritidsboende f\u00f6r att d\u00e4rigenom s\u00e4kra olika typer av servicetj\u00e4nster.<\/p>\n<p>F\u00f6reningen startades 1970. F\u00f6reningens f\u00f6rsta ordf\u00f6rande var Janne Lindberg.<\/p>\n<p>Vill du bli medlem s\u00e5 kan du s\u00e4tta in 250 kr p\u00e5 Bg: 5190-8408. Ange namn, adress och g\u00e4rna mailadress.<\/p>\n<p>Det g\u00e5r ocks\u00e5 att anv\u00e4nda SWICH-betalning till f\u00f6reningen p\u00e5\u00a0f\u00f6ljande nummer: 1232639987<\/p>\n<p><strong>Som medlem erbjuds du:<\/strong><\/p>\n<p>&#8211; Tidningen Utvikar\u00b4n, 4 nummer\/\u00e5r<\/p>\n<p>&#8211; Delta i olika kurser, ex gymnastik<\/p>\n<p>&#8211; Hyra f\u00f6reningens sl\u00e4pvagn till f\u00f6rm\u00e5nligt pris<\/p>\n<p>&#8211; Hyra f\u00f6reningslokalen<\/p>\n<p>&#8211; Medverka till en levande landsbygd<\/p>\n<p>Kontaktperson f\u00f6r medlemsfr\u00e5gor \u00e4r Gunnar Olsson, 070-6204178, \u00a0mail: <a title=\"Gunnar Olsson\" href=\"mailto:gunnar.olsson616@gmail.com\" target=\"_blank\" rel=\"noopener\">gunnar.olsson616@gmail.com<\/a><\/p>\n<p><a href=\"http:\/\/www.utviksvagen.se\/wp-content\/uploads\/2024\/05\/VERKSAMHETSPLAN-2024.pdf\" target=\"_blank\" rel=\"attachment noopener wp-att-435\">VERKSAMHETSPLAN 2024<\/a><\/p>\n\n\n<p><\/p>\n","protected":false},"excerpt":{"rendered":"<p>Utviksf\u00f6reningens Intressef\u00f6rening \u00e4r en ideell f\u00f6rening f\u00f6r att tillvarata och utveckla samh\u00e4llen och byar utmed Utviksv\u00e4gens str\u00e4ckning. F\u00f6reningen har bland annat till syfte att sprida information om Utviksv\u00e4gens geografiska l\u00e4ge f\u00f6r permanent- och fritidsboende f\u00f6r att d\u00e4rigenom s\u00e4kra olika typer av servicetj\u00e4nster. F\u00f6reningen startades 1970. F\u00f6reningens f\u00f6rsta ordf\u00f6rande var Janne Lindberg. Vill du bli medlem &hellip; <a href=\"https:\/\/www.utviksvagen.se\/?page_id=39\" class=\"more-link\">Forts\u00e4tt l\u00e4sa <span class=\"screen-reader-text\">Utviksv\u00e4gens intressef\u00f6rening<\/span> <span class=\"meta-nav\">&rarr;<\/span><\/a><\/p>\n","protected":false},"author":1,"featured_media":0,"parent":0,"menu_order":0,"comment_status":"closed","ping_status":"open","template":"","meta":[],"_links":{"self":[{"href":"https:\/\/www.utviksvagen.se\/index.php?rest_route=\/wp\/v2\/pages\/39"}],"collection":[{"href":"https:\/\/www.utviksvagen.se\/index.php?rest_route=\/wp\/v2\/pages"}],"about":[{"href":"https:\/\/www.utviksvagen.se\/index.php?rest_route=\/wp\/v2\/types\/page"}],"author":[{"embeddable":true,"href":"https:\/\/www.utviksvagen.se\/index.php?rest_route=\/wp\/v2\/users\/1"}],"replies":[{"embeddable":true,"href":"https:\/\/www.utviksvagen.se\/index.php?rest_route=%2Fwp%2Fv2%2Fcomments&post=39"}],"version-history":[{"count":15,"href":"https:\/\/www.utviksvagen.se\/index.php?rest_route=\/wp\/v2\/pages\/39\/revisions"}],"predecessor-version":[{"id":1241,"href":"https:\/\/www.utviksvagen.se\/index.php?rest_route=\/wp\/v2\/pages\/39\/revisions\/1241"}],"wp:attachment":[{"href":"https:\/\/www.utviksvagen.se\/index.php?rest_route=%2Fwp%2Fv2%2Fmedia&parent=39"}],"curies":[{"name":"wp","href":"https:\/\/api.w.org\/{rel}","templated":true}]}}