{"id":137,"date":"2015-04-01T16:20:00","date_gmt":"2015-04-01T16:20:00","guid":{"rendered":"http:\/\/www.utviksvagen.se\/?page_id=137"},"modified":"2025-12-01T15:17:12","modified_gmt":"2025-12-01T15:17:12","slug":"att-gora","status":"publish","type":"page","link":"https:\/\/www.utviksvagen.se\/?page_id=137","title":{"rendered":"Att g\u00f6ra"},"content":{"rendered":"<p><strong>Korsord<\/strong><\/p>\n<p><a href=\"https:\/\/www.utviksvagen.se\/?page_id=493\">Nr4 Utvikar\u00b4n 2025 korsord<\/a> f\u00f6r utskrift och ifyllande.<br \/><strong>Sista inl\u00e4mningsdag \u00e4r angivit p\u00e5 korsordsidan<\/strong><\/p>\n<p>Kom ih\u00e5g att skriva: Namn och adress.<br \/>Skickas till: Utviksv\u00e4gens Intressef\u00f6rening, Klapparvik 623, 826 91 S\u00f6derhamn.<\/p>\n<p>&#8212;&#8212;&#8212;&#8212;&#8212;&#8212;&#8212;&#8212;&#8212;&#8212;&#8212;&#8212;&#8211;<\/p>\n<p><strong>V\u00e5rdbergsleden<\/strong><\/p>\n<p>F\u00f6rstora kartan s\u00e5 kan du hitta V\u00e5rdbergsleden i \u00f6vre delen av kartan parallellt med Utviksv\u00e4gen. V\u00e4l framme p\u00e5 V\u00e5rdberget kan du se havet och fj\u00e4rden. Leden startar i Fridsbacka men man kan ocks\u00e5 starta vi F\u00f6reningslokalen.<\/p>\n<p><em>Kartan informerar ocks\u00e5 om <a title=\"S\u00e5gverkstrampet\" href=\"http:\/\/www.utviksvagen.se\/wp-content\/uploads\/2020\/01\/120923_Sandkult_Underlagg_2014_low.pdf\" target=\"_blank\" rel=\"noopener noreferrer\">s\u00e5gverkstrampet<\/a> \u00a0och <a title=\"KULT\" href=\"http:\/\/www.sandarnekult.se\/\" target=\"_blank\" rel=\"noopener noreferrer\">Sandarne KULT<\/a>. En utflykt till s\u00e5gverkstrampet\u00a0kan varmt rekommenderas.\u00a0<\/em><\/p>\n<p><a href=\"http:\/\/www.utviksvagen.se\/wp-content\/uploads\/2020\/01\/120923_Sandkult_Underlagg_2014_low.pdf\" target=\"_blank\" rel=\"noopener noreferrer\"><img loading=\"lazy\" class=\"alignnone size-full wp-image-138\" src=\"http:\/\/www.utviksvagen.se\/wp-content\/uploads\/2015\/04\/Karta.jpg\" alt=\"Karta\" width=\"180\" height=\"139\" \/><\/a><\/p>\n<p><a href=\"http:\/\/www.utviksvagen.se\/?attachment_id=846\" rel=\"attachment wp-att-846\"><img loading=\"lazy\" class=\"alignnone wp-image-846\" src=\"http:\/\/www.utviksvagen.se\/wp-content\/uploads\/2020\/01\/IMG-4312-e1580048252696-225x300.jpg\" alt=\"\" width=\"220\" height=\"293\" srcset=\"https:\/\/www.utviksvagen.se\/wp-content\/uploads\/2020\/01\/IMG-4312-e1580048252696-225x300.jpg 225w, https:\/\/www.utviksvagen.se\/wp-content\/uploads\/2020\/01\/IMG-4312-e1580048252696-768x1024.jpg 768w\" sizes=\"(max-width: 220px) 100vw, 220px\" \/><\/a> <a href=\"http:\/\/www.utviksvagen.se\/wp-content\/uploads\/2015\/04\/P1040671-2.jpg\" target=\"_blank\" rel=\"noopener noreferrer\"><img loading=\"lazy\" class=\"alignnone wp-image-143\" src=\"http:\/\/www.utviksvagen.se\/wp-content\/uploads\/2015\/04\/P1040671-2-171x300.jpg\" alt=\"P1040671 (2)\" width=\"168\" height=\"295\" srcset=\"https:\/\/www.utviksvagen.se\/wp-content\/uploads\/2015\/04\/P1040671-2-171x300.jpg 171w, https:\/\/www.utviksvagen.se\/wp-content\/uploads\/2015\/04\/P1040671-2-585x1024.jpg 585w, https:\/\/www.utviksvagen.se\/wp-content\/uploads\/2015\/04\/P1040671-2.jpg 1363w\" sizes=\"(max-width: 168px) 100vw, 168px\" \/><\/a><\/p>\n<p><a href=\"https:\/\/www.hitta.se\/kartan\/friluft!~61.29721,17.16431,13z\/tileLayer!l=2\/tr!i=S0IeVj5P?s=7ddce98f\">Detaljerad karta \u00f6ver vandringsleden och stigar i omr\u00e5det<\/a><\/p>\n<p><a href=\"http:\/\/www.utviksvagen.se\/wp-content\/uploads\/2020\/01\/Stigar-rev.pdf\">Karta att skriva ut med kompletterade stigar<\/a><\/p>\n<hr \/>\n<p><strong>S\u00f6derhamns golfklubb<\/strong><\/p>\n<p><a href=\"http:\/\/www.utviksvagen.se\/wp-content\/uploads\/2015\/04\/P1050926.jpg\" target=\"_blank\" rel=\"noopener noreferrer\"><img loading=\"lazy\" class=\"alignnone wp-image-364\" src=\"http:\/\/www.utviksvagen.se\/wp-content\/uploads\/2015\/04\/P1050926-300x136.jpg\" alt=\"P1050926\" width=\"467\" height=\"212\" srcset=\"https:\/\/www.utviksvagen.se\/wp-content\/uploads\/2015\/04\/P1050926-300x136.jpg 300w, https:\/\/www.utviksvagen.se\/wp-content\/uploads\/2015\/04\/P1050926-1024x465.jpg 1024w\" sizes=\"(max-width: 467px) 100vw, 467px\" \/><\/a><\/p>\n<p><a href=\"http:\/\/www.utviksvagen.se\/wp-content\/uploads\/2015\/04\/P1050929.jpg\" target=\"_blank\" rel=\"noopener noreferrer\"><img loading=\"lazy\" class=\"alignnone wp-image-366\" src=\"http:\/\/www.utviksvagen.se\/wp-content\/uploads\/2015\/04\/P1050929-300x113.jpg\" alt=\"P1050929\" width=\"249\" height=\"94\" srcset=\"https:\/\/www.utviksvagen.se\/wp-content\/uploads\/2015\/04\/P1050929-300x113.jpg 300w, https:\/\/www.utviksvagen.se\/wp-content\/uploads\/2015\/04\/P1050929-1024x385.jpg 1024w\" sizes=\"(max-width: 249px) 100vw, 249px\" \/><\/a><a href=\"http:\/\/www.utviksvagen.se\/wp-content\/uploads\/2015\/04\/P1050928.jpg\" target=\"_blank\" rel=\"noopener noreferrer\"><img loading=\"lazy\" class=\"alignnone wp-image-365\" src=\"http:\/\/www.utviksvagen.se\/wp-content\/uploads\/2015\/04\/P1050928-300x133.jpg\" alt=\"P1050928\" width=\"217\" height=\"96\" srcset=\"https:\/\/www.utviksvagen.se\/wp-content\/uploads\/2015\/04\/P1050928-300x133.jpg 300w, https:\/\/www.utviksvagen.se\/wp-content\/uploads\/2015\/04\/P1050928-1024x455.jpg 1024w\" sizes=\"(max-width: 217px) 100vw, 217px\" \/><\/a><\/p>\n<p>S\u00f6derhamns golfbana \u00e4r en skogs- och parkbana med 18 intressanta och sp\u00e4nnande h\u00e5l, bel\u00e4gen\u00a0efter Utviksv\u00e4gen.<\/p>\n<p>Bes\u00f6k klubbens hemsida. <a title=\"S\u00f6derhamns golfklubb\" href=\"http:\/\/www.soderhamnsgk.com\/\" target=\"_blank\" rel=\"noopener noreferrer\">S\u00f6derhamns golfklubb<\/a><\/p>\n<p>Klubben har ocks\u00e5 en\u00a0korth\u00e5lsbana p\u00e5 9 utmanande h\u00e5l med konstgr\u00e4s greener och tees i anslutning till Resecentrum.<\/p>\n<p>&#8212;&#8212;&#8212;&#8212;&#8212;&#8212;&#8212;&#8212;&#8212;&#8212;<\/p>\n<p><strong>K\u00e4llviks sommarhem<\/strong><\/p>\n<p><a href=\"http:\/\/www.utviksvagen.se\/wp-content\/uploads\/2015\/04\/Logga.jpg\" target=\"_blank\" rel=\"noopener noreferrer\"><img loading=\"lazy\" class=\"alignnone wp-image-155\" src=\"http:\/\/www.utviksvagen.se\/wp-content\/uploads\/2015\/04\/Logga-300x72.jpg\" alt=\"Logga\" width=\"463\" height=\"111\" srcset=\"https:\/\/www.utviksvagen.se\/wp-content\/uploads\/2015\/04\/Logga-300x72.jpg 300w, https:\/\/www.utviksvagen.se\/wp-content\/uploads\/2015\/04\/Logga.jpg 750w\" sizes=\"(max-width: 463px) 100vw, 463px\" \/><\/a><\/p>\n<p>P\u00e5 v\u00e4g ut mot S\u00f6derhamns vackra sk\u00e4rg\u00e5rd efter Utviksv\u00e4gen ligger <a title=\"K\u00e4llvik\" href=\"http:\/\/www.equmeniakyrkan.se\/soderhamn\/Kallvik\" target=\"_blank\" rel=\"noopener noreferrer\">sommarhemmet K\u00e4llvik<\/a>.<br \/>K\u00e4llvik \u00e4gs och drivs av <a title=\"Missionskyrkan\" href=\"http:\/\/www.equmeniakyrkan.se\/soderhamn\/equmenia\/\" target=\"_blank\" rel=\"noopener noreferrer\">Equmenia S\u00f6derhamn<\/a> och dess ungdomsf\u00f6rbund (f.d. SMU).<br \/>H\u00e4r har Du m\u00f6jlighet att bo vid havet, bada, fika, motionera, fira gudstj\u00e4nst, paddla eller att bara vara.<\/p>\n<p><a href=\"http:\/\/www.utviksvagen.se\/wp-content\/uploads\/2024\/05\/Kallvikprogram.docx\" target=\"_blank\" rel=\"noopener noreferrer\">Program sommaren 2024<\/a><\/p>\n<p>&#8212;&#8212;&#8212;&#8212;&#8212;&#8212;&#8212;&#8212;&#8212;-<\/p>\n<p><strong>Sommarhemmet Morviken<\/strong><\/p>\n<p><a href=\"http:\/\/www.utviksvagen.se\/?attachment_id=443\" rel=\"attachment wp-att-443\"><img loading=\"lazy\" class=\"alignnone wp-image-443\" src=\"http:\/\/www.utviksvagen.se\/wp-content\/uploads\/2015\/04\/morviken-2-300x149.jpg\" alt=\"morviken (2)\" width=\"445\" height=\"221\" srcset=\"https:\/\/www.utviksvagen.se\/wp-content\/uploads\/2015\/04\/morviken-2-300x149.jpg 300w, https:\/\/www.utviksvagen.se\/wp-content\/uploads\/2015\/04\/morviken-2-768x380.jpg 768w, https:\/\/www.utviksvagen.se\/wp-content\/uploads\/2015\/04\/morviken-2-1024x507.jpg 1024w\" sizes=\"(max-width: 445px) 100vw, 445px\" \/><\/a><\/p>\n<p>Sommarhemmet Morviken drivs av IOGT\/NTO S\u00f6derhamn och erbjuder kaf\u00e9verksamhet under sommaren.\u00a0<\/p>\n<p><a href=\"http:\/\/www.utviksvagen.se\/wp-content\/uploads\/2015\/04\/SOMMARPROGRAM-morviken-2018.pdf\" target=\"_blank\" rel=\"noopener noreferrer\">Program sommaren 2018<\/a><\/p>\n<p>&#8212;&#8212;&#8212;&#8212;&#8212;&#8212;&#8212;&#8212;&#8212;&#8211;<\/p>\n<p><strong>Segelvik<\/strong><\/p>\n<p><a title=\"Segelklubben\" href=\"http:\/\/www8.idrottonline.se\/SoderhamnsSS-Segling\/\" target=\"_blank\" rel=\"noopener noreferrer\"><img loading=\"lazy\" class=\"alignnone wp-image-156\" src=\"http:\/\/www.utviksvagen.se\/wp-content\/uploads\/2015\/04\/soss_huvud-300x47.jpg\" alt=\"soss_huvud\" width=\"568\" height=\"89\" srcset=\"https:\/\/www.utviksvagen.se\/wp-content\/uploads\/2015\/04\/soss_huvud-300x47.jpg 300w, https:\/\/www.utviksvagen.se\/wp-content\/uploads\/2015\/04\/soss_huvud.jpg 960w\" sizes=\"(max-width: 568px) 100vw, 568px\" \/><\/a><\/p>\n<p><span class=\"brodtextxmittenspaltxfet\">Segelvik b\u00e5tklubb erbjuder vacker naturhamn med<\/span><span class=\"normal\"> 5-10 g\u00e4stplatser, 4 m djup, toalett, dusch, k\u00f6k, el och f\u00e4rskvatten vid bryggan, internetanslutning, K\u00f6k, Tv, bastu samt mastkran. <\/span><\/p>\n<p><span class=\"normal\"><a title=\"Segelklubben\" href=\"https:\/\/www.segelvik.com\/\" target=\"_blank\" rel=\"noopener noreferrer\">S\u00f6derhamns Segels\u00e4llskap<\/a> Segelvik Tel: 0270 &#8211; 28 10 14<\/span><\/p>\n<p>&#8212;&#8212;&#8212;&#8212;&#8212;&#8212;&#8212;&#8212;&#8212;&#8211;<\/p>\n<p><strong>Svartsundsr\u00e4nnan<\/strong><\/p>\n<p><img loading=\"lazy\" class=\"alignnone wp-image-163\" src=\"http:\/\/www.utviksvagen.se\/wp-content\/uploads\/2015\/04\/P1040723-2-300x151.jpg\" alt=\"P1040723 (2)\" width=\"266\" height=\"134\" srcset=\"https:\/\/www.utviksvagen.se\/wp-content\/uploads\/2015\/04\/P1040723-2-300x151.jpg 300w, https:\/\/www.utviksvagen.se\/wp-content\/uploads\/2015\/04\/P1040723-2-1024x515.jpg 1024w\" sizes=\"(max-width: 266px) 100vw, 266px\" \/>\u00a0<img loading=\"lazy\" class=\"alignnone wp-image-167\" src=\"http:\/\/www.utviksvagen.se\/wp-content\/uploads\/2015\/04\/P1040726-300x225.jpg\" alt=\"P1040726\" width=\"182\" height=\"136\" srcset=\"https:\/\/www.utviksvagen.se\/wp-content\/uploads\/2015\/04\/P1040726-300x225.jpg 300w, https:\/\/www.utviksvagen.se\/wp-content\/uploads\/2015\/04\/P1040726-1024x768.jpg 1024w\" sizes=\"(max-width: 182px) 100vw, 182px\" \/><\/p>\n<p><a href=\"http:\/\/www.utviksvagen.se\/wp-content\/uploads\/2015\/04\/svartsundr\u00e4nnan-flygbild.jpg\" target=\"_blank\" rel=\"noopener noreferrer\"><img loading=\"lazy\" class=\"alignnone wp-image-166\" src=\"http:\/\/www.utviksvagen.se\/wp-content\/uploads\/2015\/04\/svartsundr\u00e4nnan-flygbild-213x300.jpg\" alt=\"svartsundr\u00e4nnan flygbild\" width=\"260\" height=\"367\" srcset=\"https:\/\/www.utviksvagen.se\/wp-content\/uploads\/2015\/04\/svartsundr\u00e4nnan-flygbild-213x300.jpg 213w, https:\/\/www.utviksvagen.se\/wp-content\/uploads\/2015\/04\/svartsundr\u00e4nnan-flygbild.jpg 600w\" sizes=\"(max-width: 260px) 100vw, 260px\" \/><\/a><\/p>\n<p>Mer information om Svartsundsr\u00e4nnan finns p\u00e5 Kust &amp; sk\u00e4rg\u00e5rdsf\u00f6reningens <a title=\"Kust &amp; sk\u00e4rg\u00e5rd\" href=\"http:\/\/skargardsforeningen.se\/\" target=\"_blank\" rel=\"noopener noreferrer\">hemsida.<\/a><\/p>\n<p>&#8212;&#8212;&#8212;&#8212;&#8212;&#8212;&#8212;&#8212;&#8212;&#8211;<\/p>\n<p><strong>\u00a0Skat\u00f6ns naturreservat<\/strong><\/p>\n<p><a href=\"http:\/\/www.utviksvagen.se\/wp-content\/uploads\/2015\/04\/P1040720-2.jpg\" target=\"_blank\" rel=\"noopener noreferrer\"><img loading=\"lazy\" class=\"alignnone wp-image-162\" src=\"http:\/\/www.utviksvagen.se\/wp-content\/uploads\/2015\/04\/P1040720-2-300x143.jpg\" alt=\"P1040720 (2)\" width=\"447\" height=\"213\" srcset=\"https:\/\/www.utviksvagen.se\/wp-content\/uploads\/2015\/04\/P1040720-2-300x143.jpg 300w, https:\/\/www.utviksvagen.se\/wp-content\/uploads\/2015\/04\/P1040720-2-1024x489.jpg 1024w\" sizes=\"(max-width: 447px) 100vw, 447px\" \/><\/a><\/p>\n<p><a href=\"http:\/\/www.utviksvagen.se\/wp-content\/uploads\/2015\/04\/Panorama-Skat\u00f6revet.jpg\" target=\"_blank\" rel=\"noopener noreferrer\"><img loading=\"lazy\" class=\"alignnone wp-image-164\" src=\"http:\/\/www.utviksvagen.se\/wp-content\/uploads\/2015\/04\/Panorama-Skat\u00f6revet-300x39.jpg\" alt=\"Panorama Skat\u00f6revet\" width=\"446\" height=\"58\" srcset=\"https:\/\/www.utviksvagen.se\/wp-content\/uploads\/2015\/04\/Panorama-Skat\u00f6revet-300x39.jpg 300w, https:\/\/www.utviksvagen.se\/wp-content\/uploads\/2015\/04\/Panorama-Skat\u00f6revet-1024x133.jpg 1024w\" sizes=\"(max-width: 446px) 100vw, 446px\" \/><\/a><\/p>\n<p>Naturreservatet avsattes 1994 och \u00e4r i f\u00f6rsta hand av betydelse f\u00f6r friluftslivet.<\/p>\n<p>Skatberget \u00e4r med sina 32 m.\u00f6.h. \u00f6ns h\u00f6gsta punkt. H\u00e4rifr\u00e5n har man en vidstr\u00e4ckt utsikt \u00f6ver de norra delarna av kommunens sk\u00e4rg\u00e5rd. Stora klapperstensf\u00e4lt k\u00e4nnetecknar \u00f6ns hela nordsida och centrala del. Vackert utformade strandvallar finns p\u00e5 flera st\u00e4llen, s\u00e4rskilt p\u00e5 \u00f6ns nordsluttning.<\/p>\n<p>Vackra artrika havsstrand\u00e4ngar \u00e5terfinns l\u00e4ngs Skat\u00f6ns s\u00f6dra och \u00f6stra str\u00e4nder. I \u00f6vrigt \u00e4r Skat\u00f6ns str\u00e4nder och de omgivande sm\u00e5\u00f6arna dominerade av storblockig mor\u00e4n. Sandstr\u00e4nder utmed Skat\u00f6ns s\u00f6dra strand och Skathamnen.<\/p>\n<p>H\u00e4r finns <a title=\"Skat\u00f6n\" href=\"http:\/\/www.soderhamn.se\/download\/18.cd1771b11927f1f0c680005049\/1384395665398\/Skat%C3%B6n_liten.pdf\" target=\"_blank\" rel=\"noopener noreferrer\">information<\/a>\u00a0\u00f6ver Skat\u00f6n\u00a0f\u00f6r nedladdning.<\/p>\n<p><a href=\"http:\/\/www.utviksvagen.se\/wp-content\/uploads\/2015\/04\/Karta-Skat\u00f6n.jpg\" target=\"_blank\" rel=\"noopener noreferrer\"><img loading=\"lazy\" class=\"alignnone wp-image-168\" src=\"http:\/\/www.utviksvagen.se\/wp-content\/uploads\/2015\/04\/Karta-Skat\u00f6n-300x225.jpg\" alt=\"Karta Skat\u00f6n\" width=\"438\" height=\"328\" srcset=\"https:\/\/www.utviksvagen.se\/wp-content\/uploads\/2015\/04\/Karta-Skat\u00f6n-300x225.jpg 300w, https:\/\/www.utviksvagen.se\/wp-content\/uploads\/2015\/04\/Karta-Skat\u00f6n.jpg 1024w\" sizes=\"(max-width: 438px) 100vw, 438px\" \/><\/a><\/p>\n<p><a href=\"http:\/\/www.utviksvagen.se\/wp-content\/uploads\/2015\/04\/P1040717-2.jpg\" target=\"_blank\" rel=\"noopener noreferrer\"><img loading=\"lazy\" class=\"alignnone wp-image-161\" src=\"http:\/\/www.utviksvagen.se\/wp-content\/uploads\/2015\/04\/P1040717-2-300x177.jpg\" alt=\"P1040717 (2)\" width=\"201\" height=\"119\" srcset=\"https:\/\/www.utviksvagen.se\/wp-content\/uploads\/2015\/04\/P1040717-2-300x177.jpg 300w, https:\/\/www.utviksvagen.se\/wp-content\/uploads\/2015\/04\/P1040717-2-1024x602.jpg 1024w\" sizes=\"(max-width: 201px) 100vw, 201px\" \/><\/a><a href=\"http:\/\/www.utviksvagen.se\/wp-content\/uploads\/2015\/04\/P1040706-2.jpg\" target=\"_blank\" rel=\"noopener noreferrer\"><img loading=\"lazy\" class=\"alignnone wp-image-159\" src=\"http:\/\/www.utviksvagen.se\/wp-content\/uploads\/2015\/04\/P1040706-2-300x151.jpg\" alt=\"P1040706 (2)\" width=\"236\" height=\"119\" srcset=\"https:\/\/www.utviksvagen.se\/wp-content\/uploads\/2015\/04\/P1040706-2-300x151.jpg 300w, https:\/\/www.utviksvagen.se\/wp-content\/uploads\/2015\/04\/P1040706-2-1024x516.jpg 1024w\" sizes=\"(max-width: 236px) 100vw, 236px\" \/><\/a><\/p>\n<p><a href=\"http:\/\/www.utviksvagen.se\/wp-content\/uploads\/2015\/04\/P1040707-2.jpg\" target=\"_blank\" rel=\"noopener noreferrer\"><img loading=\"lazy\" class=\"alignnone wp-image-160\" src=\"http:\/\/www.utviksvagen.se\/wp-content\/uploads\/2015\/04\/P1040707-2-300x165.jpg\" alt=\"P1040707 (2)\" width=\"440\" height=\"242\" srcset=\"https:\/\/www.utviksvagen.se\/wp-content\/uploads\/2015\/04\/P1040707-2-300x165.jpg 300w, https:\/\/www.utviksvagen.se\/wp-content\/uploads\/2015\/04\/P1040707-2-1024x562.jpg 1024w\" sizes=\"(max-width: 440px) 100vw, 440px\" \/><\/a><\/p>\n<p>&#8212;&#8212;&#8212;&#8212;&#8212;&#8212;&#8212;&#8212;&#8212;&#8212;&#8212;-<\/p>\n<p><strong>Sportfiske\/R\u00f6stentj\u00e4rn<\/strong><\/p>\n<p><a href=\"http:\/\/www.utviksvagen.se\/wp-content\/uploads\/2015\/04\/r\u00f6stentj\u00e4rn-karta.jpg\" target=\"_blank\" rel=\"noopener noreferrer\"><img loading=\"lazy\" class=\"alignnone size-medium wp-image-177\" src=\"http:\/\/www.utviksvagen.se\/wp-content\/uploads\/2015\/04\/r\u00f6stentj\u00e4rn-karta-144x300.jpg\" alt=\"r\u00f6stentj\u00e4rn karta\" width=\"144\" height=\"300\" srcset=\"https:\/\/www.utviksvagen.se\/wp-content\/uploads\/2015\/04\/r\u00f6stentj\u00e4rn-karta-144x300.jpg 144w, https:\/\/www.utviksvagen.se\/wp-content\/uploads\/2015\/04\/r\u00f6stentj\u00e4rn-karta.jpg 249w\" sizes=\"(max-width: 144px) 100vw, 144px\" \/><\/a>\u00a0 \u00a0 \u00a0 \u00a0 \u00a0 \u00a0 \u00a0 \u00a0 \u00a0 \u00a0\u00a0<a title=\"Norrflugans fiskeklubb\" href=\"http:\/\/norrflugan.madr.se\" target=\"_blank\" rel=\"noopener noreferrer\"><img loading=\"lazy\" class=\"alignnone wp-image-176\" src=\"http:\/\/www.utviksvagen.se\/wp-content\/uploads\/2015\/04\/Norrflugan-logo-300x280.gif\" alt=\"Norrflugan logo\" width=\"168\" height=\"157\" \/><\/a><\/p>\n<p>Norrflugans sportfiskeklubb arrenderar R\u00f6stentj\u00e4rn. Klubben bildades 1963. Efter rotenonbehandling inplanterades \u00e4delfisk, f\u00f6retr\u00e4desvis Regnb\u00e5ge som planteras 4-5 ggr\/\u00e5r. Parkering finns vid tj\u00e4rnen. Fiskekortet kostar 120 kr\/3 fiskar per dag. Handikappanspassad brygga.<\/p>\n<p>Mer p\u00e5 Norrflugans <a title=\"Norrflugan\" href=\"https:\/\/norrflugans-sfk.webnode.se\/valkommen\/\" target=\"_blank\" rel=\"noopener noreferrer\">hemsida.<\/a><\/p>\n\n\n<p><\/p>\n","protected":false},"excerpt":{"rendered":"<p>Korsord Nr4 Utvikar\u00b4n 2025 korsord f\u00f6r utskrift och ifyllande.Sista inl\u00e4mningsdag \u00e4r angivit p\u00e5 korsordsidan Kom ih\u00e5g att skriva: Namn och adress.Skickas till: Utviksv\u00e4gens Intressef\u00f6rening, Klapparvik 623, 826 91 S\u00f6derhamn. &#8212;&#8212;&#8212;&#8212;&#8212;&#8212;&#8212;&#8212;&#8212;&#8212;&#8212;&#8212;&#8211; V\u00e5rdbergsleden F\u00f6rstora kartan s\u00e5 kan du hitta V\u00e5rdbergsleden i \u00f6vre delen av kartan parallellt med Utviksv\u00e4gen. V\u00e4l framme p\u00e5 V\u00e5rdberget kan du se havet och &hellip; <a href=\"https:\/\/www.utviksvagen.se\/?page_id=137\" class=\"more-link\">Forts\u00e4tt l\u00e4sa <span class=\"screen-reader-text\">Att g\u00f6ra<\/span> <span class=\"meta-nav\">&rarr;<\/span><\/a><\/p>\n","protected":false},"author":1,"featured_media":0,"parent":0,"menu_order":0,"comment_status":"closed","ping_status":"open","template":"","meta":[],"_links":{"self":[{"href":"https:\/\/www.utviksvagen.se\/index.php?rest_route=\/wp\/v2\/pages\/137"}],"collection":[{"href":"https:\/\/www.utviksvagen.se\/index.php?rest_route=\/wp\/v2\/pages"}],"about":[{"href":"https:\/\/www.utviksvagen.se\/index.php?rest_route=\/wp\/v2\/types\/page"}],"author":[{"embeddable":true,"href":"https:\/\/www.utviksvagen.se\/index.php?rest_route=\/wp\/v2\/users\/1"}],"replies":[{"embeddable":true,"href":"https:\/\/www.utviksvagen.se\/index.php?rest_route=%2Fwp%2Fv2%2Fcomments&post=137"}],"version-history":[{"count":101,"href":"https:\/\/www.utviksvagen.se\/index.php?rest_route=\/wp\/v2\/pages\/137\/revisions"}],"predecessor-version":[{"id":1373,"href":"https:\/\/www.utviksvagen.se\/index.php?rest_route=\/wp\/v2\/pages\/137\/revisions\/1373"}],"wp:attachment":[{"href":"https:\/\/www.utviksvagen.se\/index.php?rest_route=%2Fwp%2Fv2%2Fmedia&parent=137"}],"curies":[{"name":"wp","href":"https:\/\/api.w.org\/{rel}","templated":true}]}}