{"id":924,"date":"2020-12-04T10:17:17","date_gmt":"2020-12-04T10:17:17","guid":{"rendered":"http:\/\/www.utviksvagen.se\/?page_id=924"},"modified":"2020-12-04T10:18:11","modified_gmt":"2020-12-04T10:18:11","slug":"utvikarn-pa-gang","status":"publish","type":"page","link":"http:\/\/www.utviksvagen.se\/?page_id=924","title":{"rendered":"Utvikar&#8217;n p\u00e5 g\u00e5ng"},"content":{"rendered":"<p>Under vecka 50 kommer nr 4. F\u00f6reningen 50 \u00e5r<\/p>\n<p><a href=\"http:\/\/www.utviksvagen.se\/?attachment_id=921\" rel=\"attachment wp-att-921\"><img loading=\"lazy\" class=\"alignnone size-medium wp-image-921\" src=\"http:\/\/www.utviksvagen.se\/wp-content\/uploads\/2020\/12\/Framsida-212x300.jpg\" alt=\"\" width=\"212\" height=\"300\" srcset=\"http:\/\/www.utviksvagen.se\/wp-content\/uploads\/2020\/12\/Framsida-212x300.jpg 212w, http:\/\/www.utviksvagen.se\/wp-content\/uploads\/2020\/12\/Framsida-723x1024.jpg 723w, http:\/\/www.utviksvagen.se\/wp-content\/uploads\/2020\/12\/Framsida.jpg 729w\" sizes=\"(max-width: 212px) 100vw, 212px\" \/><\/a><\/p>\n","protected":false},"excerpt":{"rendered":"<p>Under vecka 50 kommer nr 4. F\u00f6reningen 50 \u00e5r<\/p>\n","protected":false},"author":1,"featured_media":0,"parent":0,"menu_order":0,"comment_status":"closed","ping_status":"closed","template":"","meta":[],"_links":{"self":[{"href":"http:\/\/www.utviksvagen.se\/index.php?rest_route=\/wp\/v2\/pages\/924"}],"collection":[{"href":"http:\/\/www.utviksvagen.se\/index.php?rest_route=\/wp\/v2\/pages"}],"about":[{"href":"http:\/\/www.utviksvagen.se\/index.php?rest_route=\/wp\/v2\/types\/page"}],"author":[{"embeddable":true,"href":"http:\/\/www.utviksvagen.se\/index.php?rest_route=\/wp\/v2\/users\/1"}],"replies":[{"embeddable":true,"href":"http:\/\/www.utviksvagen.se\/index.php?rest_route=%2Fwp%2Fv2%2Fcomments&post=924"}],"version-history":[{"count":1,"href":"http:\/\/www.utviksvagen.se\/index.php?rest_route=\/wp\/v2\/pages\/924\/revisions"}],"predecessor-version":[{"id":926,"href":"http:\/\/www.utviksvagen.se\/index.php?rest_route=\/wp\/v2\/pages\/924\/revisions\/926"}],"wp:attachment":[{"href":"http:\/\/www.utviksvagen.se\/index.php?rest_route=%2Fwp%2Fv2%2Fmedia&parent=924"}],"curies":[{"name":"wp","href":"https:\/\/api.w.org\/{rel}","templated":true}]}}